{"id":358,"date":"2022-08-19T15:08:50","date_gmt":"2022-08-19T15:08:50","guid":{"rendered":"https:\/\/samtok.es\/?page_id=358"},"modified":"2023-04-17T13:47:37","modified_gmt":"2023-04-17T13:47:37","slug":"aviso-legal","status":"publish","type":"page","link":"https:\/\/samtok.es\/ca\/aviso-legal\/","title":{"rendered":"Av\u00eds Legal"},"content":{"rendered":"<p>[et_pb_section fb_built=\u00bb1&#8243; _builder_version=\u00bb4.15.0&#8243; _module_preset=\u00bbdefault\u00bb global_colors_info=\u00bb{}\u00bb][et_pb_row _builder_version=\u00bb4.15.0&#8243; _module_preset=\u00bbdefault\u00bb global_colors_info=\u00bb{}\u00bb][et_pb_column type=\u00bb4_4&#8243; _builder_version=\u00bb4.15.0&#8243; _module_preset=\u00bbdefault\u00bb global_colors_info=\u00bb{}\u00bb][et_pb_text _builder_version=\u00bb4.15.0&#8243; _module_preset=\u00bbdefault\u00bb text_font=\u00bbOpen Sans||||||||\u00bb header_font=\u00bbOpen Sans||||||||\u00bb global_colors_info=\u00bb{}\u00bb]<\/p>\n<h1>AVISO LEGAL<\/h1>\n<p><strong><\/strong><\/p>\n<p><strong><\/strong><\/p>\n<p><strong><\/strong><\/p>\n<p><strong>1.- Derecho de la informaci\u00f3n <\/strong><\/p>\n<p>Le informamos que esta\u00a0Plataforma <span>https:\/\/samtok.es\/ <\/span>(en adelante, la \u201c<strong><em> Plataforma<\/em><\/strong>\u201d) es titularidad\u00a0de Andrea Sol\u00e0 Forcadell (en adelante, \u201cSamt\u00f6k\u201d), con N.I.F.78582875V, y domicilio en Calle Riu Segura, 99 \u2013 Esc C, 2-2, 08800 Vilanova i la Geltr\u00fa, (Barcelona).<\/p>\n<p>El acceso y\/o uso a la Plataforma le atribuye la condici\u00f3n de usuario, y acepta, desde dicho acceso y\/o uso, el presente Aviso Legal y, en su caso, los cambios efectuados en el mismo.<\/p>\n<p>El usuario (en adelante, el \u201c<strong><em>Usuario<\/em><\/strong>\u201d) puede ponerse en contacto con Samt\u00f6k a trav\u00e9s de la siguiente direcci\u00f3n de correo electr\u00f3nico: <a href=\"mailto:info@samtok.es\">info@samtok.es<\/a> \u00a0o, si lo prefiere llamando al siguiente n\u00famero de tel\u00e9fono<u> +34 696546013<\/u><\/p>\n<p><u><\/u><\/p>\n<p><u><\/u><\/p>\n<p><a name=\"_Toc525719689\"><\/a><strong>2.- Uso<\/strong><strong> de la Plataforma <\/strong><\/p>\n<p>El Usuario asume la responsabilidad del uso de la Plataforma. La Plataforma puede proporcionar acceso a multitud de textos, gr\u00e1ficos, dibujos, dise\u00f1os, fotograf\u00edas, contenidos multimedia, e informaciones (en adelante, \u00ab<strong><em>Contenidos<\/em><\/strong>\u00ab) pertenecientes a Samt\u00f6k o a terceros a los que el Usuario puede tener acceso.<\/p>\n<p>El Usuario se compromete a hacer un uso adecuado de los Contenidos y servicios ofrecidos a trav\u00e9s de la Plataforma y con car\u00e1cter enunciativo, pero no limitativo, a no emplearlos para:<\/p>\n<ul>\n<li><strong> <\/strong>Incurrir en actividades il\u00edcitas, ilegales o contrarias a la buena fe y al orden p\u00fablico.<\/li>\n<li><strong> <\/strong>Provocar da\u00f1os en los sistemas f\u00edsicos y l\u00f3gicos de la Plataforma de Samt\u00f6k, de sus Usuarios o de terceras personas.<\/li>\n<li><strong> <\/strong>Introducir o difundir en la red virus inform\u00e1ticos o cualesquiera otros sistemas f\u00edsicos o l\u00f3gicos que sean susceptibles de provocar los da\u00f1os anteriormente mencionados.<\/li>\n<li><strong> <\/strong>Intentar acceder, utilizar y\/o manipular los datos de Samt\u00f6k, terceros proveedores y otros usuarios.<\/li>\n<li><strong> <\/strong>Suprimir, ocultar o manipular los Contenidos sujetos a derechos de propiedad intelectual o industrial y dem\u00e1s datos identificativos de dichos derechos de Samt\u00f6k o de terceros incorporados a los Contenidos, as\u00ed como los dispositivos t\u00e9cnicos de protecci\u00f3n o cualesquiera mecanismos de informaci\u00f3n que puedan insertarse en los Contenidos.<\/li>\n<\/ul>\n<p>&nbsp;<\/p>\n<p>Samt\u00f6k tendr\u00e1 derecho a investigar y denunciar cualquiera de las conductas mencionadas de acuerdo con la Ley, as\u00ed como a colaborar con las autoridades en la investigaci\u00f3n de dichas actuaciones.<\/p>\n<p>Los servicios prestados por Samt\u00f6k se dirigen exclusivamente a individuos mayores de edad.<\/p>\n<p>Samt\u00f6k podr\u00e1 suspender temporalmente y sin previo aviso, la accesibilidad a la Plataforma con motivo de operaciones de mantenimiento, reparaci\u00f3n, actualizaci\u00f3n o mejora. No obstante, siempre que las circunstancias lo permitan, Samt\u00f6k comunicar\u00e1 al Usuario, con antelaci\u00f3n suficiente, la fecha prevista para la suspensi\u00f3n de los servicios. Samt\u00f6k no se responsabiliza del uso que los Usuarios puedan hacer de los Contenidos incluidos en la Plataforma<a name=\"_Toc525719690\"><\/a>.<\/p>\n<p>&nbsp;<\/p>\n<p><strong>3.- Propiedad Intelectual e Industrial<\/strong><\/p>\n<p><a name=\"_Toc525719691\"><\/a>Todos y cada uno de los derechos de propiedad intelectual sobre el contenido y el dise\u00f1o gr\u00e1fico de esta \u00a0Plataforma (a t\u00edtulo enunciativo, im\u00e1genes, sonido, audio, v\u00eddeo, software o textos; marcas o logotipos, combinaciones de colores, estructura y dise\u00f1o, selecci\u00f3n de materiales usados, programas de ordenador necesarios para su funcionamiento, acceso y uso, etc.) son propiedad exclusiva de Samt\u00f6k o de un tercero que Samt\u00f6k haya autorizado su uso. Por tanto, Samt\u00f6k tiene el derecho exclusivo de explotaci\u00f3n de dichos contenidos y dise\u00f1o gr\u00e1fico.<\/p>\n<p>Por ello, en virtud de lo dispuesto en el Real Decreto Legislativo 1\/1996, de 12 de abril, por el que se aprueba el Texto Refundido de la Ley de Propiedad Intelectual, y en la Ley 17\/2001, de 7 de diciembre, de Marcas, as\u00ed como cualquier otra legislaci\u00f3n complementaria en materia de propiedad intelectual e industrial, queda prohibida la reproducci\u00f3n, transmisi\u00f3n, adaptaci\u00f3n, traducci\u00f3n, distribuci\u00f3n o comunicaci\u00f3n p\u00fablica, incluida la puesta a disposici\u00f3n o cualquier otra forma de explotaci\u00f3n comercial y\/o modificaci\u00f3n de todo o parte del contenido de la Plataforma, salvo autorizaci\u00f3n previa y expresa de Samt\u00f6k.<\/p>\n<p>Samt\u00f6k no concede ninguna licencia o autorizaci\u00f3n para utilizar ninguno de sus derechos de propiedad intelectual e industrial o cualquier otra propiedad o derecho relacionado con la \u00a0Plataforma y\/o los servicios o contenidos del mismo.<\/p>\n<p>El Usuario se compromete a respetar los derechos de Propiedad Intelectual e Industrial titularidad de Samt\u00f6k.<\/p>\n<p>La legitimidad de los derechos de propiedad intelectual o industrial sobre los contenidos aportados por los Usuarios es de la exclusiva responsabilidad de los mismos, que responder\u00e1n frente a cualquier reclamaci\u00f3n de terceros derivada del uso il\u00edcito de los contenidos de la Plataforma.<\/p>\n<p>&nbsp;<\/p>\n<p><strong>4.- Protecci\u00f3n de datos<\/strong><\/p>\n<p>El uso de esta Plataforma puede requerir que los Usuarios proporcionen datos personales. Samt\u00f6k trata este tipo de informaci\u00f3n de acuerdo con la legislaci\u00f3n aplicable, y la recoge en su Pol\u00edtica de Privacidad <a href=\"https:\/\/samtok.es\/ca\/politica-de-privacidad\/\">https:\/\/samtok.es\/politica-de-privacidad\/<\/a><\/p>\n<p>&nbsp;<\/p>\n<p><strong>5.- Responsabilidad y Garant\u00edas<\/strong><\/p>\n<p>Samt\u00f6k declara que ha adoptado todas las medidas necesarias, dentro de sus posibilidades y teniendo en cuenta el estado actual de la tecnolog\u00eda, para permitir el correcto funcionamiento y la ausencia de virus y componentes da\u00f1inos en su Plataforma.<\/p>\n<p>\u00a0Sin embargo, Samt\u00f6k no puede ser considerada responsable de:<\/p>\n<ul>\n<li><strong> <\/strong>la falta de continuidad y disponibilidad de los Contenidos y Servicios;<\/li>\n<li><strong> <\/strong>la presencia de errores en dicho Contenido, incluyendo los anuncios publicados por los usuarios, o la falta de correcci\u00f3n de los defectos que pudieran existir;<\/li>\n<li><strong> <\/strong>la veracidad, integridad o actualizaci\u00f3n de los datos facilitados por los Usuarios;<\/li>\n<li><strong> <\/strong>la interrupci\u00f3n del funcionamiento de la Plataforma o fallos inform\u00e1ticos, aver\u00edas telef\u00f3nicas, desconexiones, retrasos o bloqueos causados por deficiencias o sobrecargas en las l\u00edneas telef\u00f3nicas, centros de datos, en el sistema de Internet o en otros sistemas electr\u00f3nicos, producidos en el curso de su funcionamiento;<\/li>\n<li><strong> <\/strong>la presencia de virus u otros componentes da\u00f1inos;<\/li>\n<li><strong> <\/strong>cualquier da\u00f1o causado por terceros que infrinjan o vulneres los sistemas de seguridad de Samt\u00f6k.<\/li>\n<\/ul>\n<p>Samt\u00f6k podr\u00e1 suspender temporalmente y sin previo aviso, la accesibilidad a la Plataforma con motivo de operaciones de mantenimiento, reparaci\u00f3n, actualizaci\u00f3n o mejora. No obstante, siempre que las circunstancias lo permitan, Samt\u00f6k comunicar\u00e1 al Usuario, con antelaci\u00f3n suficiente, la fecha prevista para la suspensi\u00f3n de los Servicios.<\/p>\n<p>Samt\u00f6k no se responsabiliza del uso que los Usuarios puedan hacer de los Contenidos incluidos en la Plataforma.<\/p>\n<p>&nbsp;<\/p>\n<p><a name=\"_Toc525719692\"><\/a><strong>6.- Duraci\u00f3n y modificaci\u00f3n<\/strong><\/p>\n<p>El presente Aviso Legal estar\u00e1 vigente con car\u00e1cter indefinido, pudiendo Samt\u00f6k efectuar cambios sobre las condiciones especificadas en el mismo, y que entrar\u00e1n en vigor desde el momento de su publicaci\u00f3n.<\/p>\n<p>Samt\u00f6k podr\u00e1 suprimir, a\u00f1adir o cambiar tanto los Contenidos como los servicios que presta, as\u00ed como tambi\u00e9n la forma en la que los mismos aparezcan localizados o presentados. Se entienden como vigentes, las condiciones que est\u00e9n publicadas en el momento en el que el Usuario acceda a la Plataforma de Samt\u00f6k.<\/p>\n<p>El acceso y\/o el uso de la Plataforma se entender\u00e1 como una aceptaci\u00f3n por parte del Usuario del presente Aviso Legal y sus condiciones y, en su caso, los cambios efectuados en las mismas.<\/p>\n<p>&nbsp;<\/p>\n<p><strong>7.- Hiperv\u00ednculos<\/strong><\/p>\n<p>Samt\u00f6k no asume ninguna responsabilidad sobre los enlaces a otras aplicaciones o sitios web que se encuentren en la Plataforma de Samt\u00f6k, pudiendo dirigir al Usuario a otras aplicaciones o sitios web externos sobre los que Samt\u00f6k no tiene ning\u00fan tipo de control.<\/p>\n<p>En este sentido, Samt\u00f6k no se hace responsable de la informaci\u00f3n contenida en estos enlaces de terceros ni de cualesquiera efectos que pudieran derivarse de dicha informaci\u00f3n.<\/p>\n<p>Por lo tanto, la inclusi\u00f3n de v\u00ednculos con otros sitios web o aplicaciones no implica la aprobaci\u00f3n de sus contenidos por parte de Samt\u00f6k ni la existencia de ning\u00fan tipo de asociaci\u00f3n entre Samt\u00f6k y los titulares de otros sitios web o aplicaciones.<\/p>\n<p>En consecuencia, el Usuario accede bajo su exclusiva responsabilidad al Contenido y en las condiciones de uso que rijan en los mismos.<\/p>\n<p>&nbsp;<\/p>\n<p><strong>8.- Publicaci\u00f3n de Anuncios, Comentarios y Opiniones en la Plataforma <\/strong><\/p>\n<p>Los Usuarios tienen la posibilidad de publicar anuncios, comentarios y opiniones en la \u00a0Plataforma. Los usuarios declaran expresamente que todos los contenidos que publiquen en la Plataforma son de su propiedad exclusiva, o bien que cuentan con la autorizaci\u00f3n expresa de los titulares de los mismos, siendo los usuarios exclusivamente responsables en caso de que dichos contenidos no vulneren los derechos de terceros.<\/p>\n<p>Los usuarios deber\u00e1n tener en cuenta que tales anuncios, comentarios y opiniones no deber\u00e1n contener expresiones que no sean aptas para todos los p\u00fablicos, ni deben incorporar contenidos indecorosos o que no se consideren apropiados o que hieran la sensibilidad general. En particular la Plataforma no permitir\u00e1:<\/p>\n<ul>\n<li><u>Publicaciones discriminatorias<\/u>: En ning\u00fan caso se permitir\u00e1n publicaciones que vayan en contra de un particular y que vulneren los principios del derecho al honor, a la intimidad personal y familiar, a la propia imagen y a la dignidad de la persona. Se proh\u00edbe cualquier tipo de publicaci\u00f3n discriminatoria ya sea por motivos de raza, sexo, religi\u00f3n, opini\u00f3n, nacionalidad, discapacidad o cualquier otra circunstancia personal o social.<\/li>\n<li><u>Contenido degradante<\/u>: No est\u00e1n permitidas aquellas publicaciones que sean intimidantes, amenazantes degradantes o que de cualquier manera promuevan la violencia contra una persona o un colectivo determinado.<\/li>\n<li><u>Contenidos Publicitarios<\/u>: No est\u00e1 permitido utilizar la Plataforma como medio para realizar publicidad, promoci\u00f3n de negocios, marcas o elementos personales, as\u00ed como obtener direcciones de e-mail a las que posteriormente poder remitir comunicaciones de car\u00e1cter comercial no solicitadas.<\/li>\n<li><u>Contenidos que promuevan conductas autolesivas<\/u>: Se proh\u00edbe todo tipo de publicaciones que promueva el consumo de sustancias estupefacientes, as\u00ed como aquellas publicaciones que tengan como objetivo incitar a trastornos alimenticios y a la autolesi\u00f3n.<\/li>\n<\/ul>\n<p>Samt\u00f6k se reserva el derecho de eliminar cualquier anuncio, comentario y opini\u00f3n que pudieran incorporar algunos de los contenidos mencionados anteriormente. Asimismo, Samt\u00f6k se reserva la posibilidad de limitar el acceso del usuario que hubiese incumplido lo dispuesto en este apartado.<\/p>\n<p>&nbsp;<\/p>\n<p><strong>9.-Salvaguardia e interpretaci\u00f3n<\/strong><\/p>\n<p>Este Aviso Legal constituye un acuerdo entre cada uno de los Usuarios y Samt\u00f6k.<\/p>\n<p>Si la autoridad competente declara que una disposici\u00f3n es ilegal, inv\u00e1lida o inaplicable, dicha declaraci\u00f3n con respecto a una o varias cl\u00e1usulas se entender\u00e1 sin perjuicio de la validez de las dem\u00e1s cl\u00e1usulas.<\/p>\n<p>El hecho de que Samt\u00f6k no exija el cumplimiento estricto de ninguna de las disposiciones del presente Aviso Legal no constituye ni puede interpretarse en modo alguno como una renuncia de su parte a exigir el cumplimiento estricto en el futuro.<\/p>\n<p>&nbsp;<\/p>\n<p><strong>10.- Informaci\u00f3n General<\/strong><\/p>\n<p>Samt\u00f6k perseguir\u00e1 el incumplimiento del presente Aviso Legal, as\u00ed como cualquier utilizaci\u00f3n indebida de su portal, ejerciendo todas las acciones civiles y penales que le puedan corresponder en derecho.<\/p>\n<p>&nbsp;<\/p>\n<p><strong>11.- Notificaciones<\/strong><\/p>\n<p>Samt\u00f6k podr\u00e1 realizar las oportunas comunicaciones a trav\u00e9s de la direcci\u00f3n de correo electr\u00f3nico facilitado por los Usuarios en el registro de su cuenta de Usuario.<\/p>\n<p>[\/et_pb_text][\/et_pb_column][\/et_pb_row][\/et_pb_section]<\/p>","protected":false},"excerpt":{"rendered":"<p>AVISO LEGAL 1.- Derecho de la informaci\u00f3n Le informamos que esta\u00a0Plataforma https:\/\/samtok.es\/ (en adelante, la \u201c Plataforma\u201d) es titularidad\u00a0de Andrea Sol\u00e0 Forcadell (en adelante, \u201cSamt\u00f6k\u201d), con N.I.F.78582875V, y domicilio en Calle Riu Segura, 99 \u2013 Esc C, 2-2, 08800 Vilanova i la Geltr\u00fa, (Barcelona). El acceso y\/o uso a la Plataforma le atribuye la condici\u00f3n [&hellip;]<\/p>","protected":false},"author":1,"featured_media":0,"parent":0,"menu_order":0,"comment_status":"closed","ping_status":"closed","template":"","meta":{"_et_pb_use_builder":"on","_et_pb_old_content":"","_et_gb_content_width":"","om_disable_all_campaigns":false,"footnotes":""},"class_list":["post-358","page","type-page","status-publish","hentry"],"yoast_head":"<!-- This site is optimized with the Yoast SEO plugin v22.6 - https:\/\/yoast.com\/wordpress\/plugins\/seo\/ -->\n<title>Aviso Legal - Samt\u00f6k<\/title>\n<meta name=\"description\" content=\"Este es el aviso legal de la p\u00e1gina web de Samt\u00f6k.\" \/>\n<meta name=\"robots\" content=\"noindex, follow\" \/>\n<meta property=\"og:locale\" content=\"ca_ES\" \/>\n<meta property=\"og:type\" content=\"article\" \/>\n<meta property=\"og:title\" content=\"Aviso Legal - Samt\u00f6k\" \/>\n<meta property=\"og:description\" content=\"Este es el aviso legal de la p\u00e1gina web de Samt\u00f6k.\" \/>\n<meta property=\"og:url\" content=\"https:\/\/samtok.es\/ca\/aviso-legal\/\" \/>\n<meta property=\"og:site_name\" content=\"Samt\u00f6k\" \/>\n<meta property=\"article:modified_time\" content=\"2023-04-17T13:47:37+00:00\" \/>\n<meta property=\"og:image\" content=\"https:\/\/samtok.es\/wp-content\/uploads\/2022\/12\/logo-samtok-menu-e1671229490268.png\" \/>\n\t<meta property=\"og:image:width\" content=\"228\" \/>\n\t<meta property=\"og:image:height\" content=\"50\" \/>\n\t<meta property=\"og:image:type\" content=\"image\/png\" \/>\n<meta name=\"twitter:card\" content=\"summary_large_image\" \/>\n<meta name=\"twitter:label1\" content=\"Temps estimat de lectura\" \/>\n\t<meta name=\"twitter:data1\" content=\"10 minuts\" \/>\n<script type=\"application\/ld+json\" class=\"yoast-schema-graph\">{\"@context\":\"https:\/\/schema.org\",\"@graph\":[{\"@type\":\"WebPage\",\"@id\":\"https:\/\/samtok.es\/aviso-legal\/\",\"url\":\"https:\/\/samtok.es\/aviso-legal\/\",\"name\":\"Aviso Legal - Samt\u00f6k\",\"isPartOf\":{\"@id\":\"https:\/\/samtok.es\/#website\"},\"datePublished\":\"2022-08-19T15:08:50+00:00\",\"dateModified\":\"2023-04-17T13:47:37+00:00\",\"description\":\"Este es el aviso legal de la p\u00e1gina web de Samt\u00f6k.\",\"breadcrumb\":{\"@id\":\"https:\/\/samtok.es\/aviso-legal\/#breadcrumb\"},\"inLanguage\":\"ca\",\"potentialAction\":[{\"@type\":\"ReadAction\",\"target\":[\"https:\/\/samtok.es\/aviso-legal\/\"]}]},{\"@type\":\"BreadcrumbList\",\"@id\":\"https:\/\/samtok.es\/aviso-legal\/#breadcrumb\",\"itemListElement\":[{\"@type\":\"ListItem\",\"position\":1,\"name\":\"Portada\",\"item\":\"https:\/\/samtok.es\/\"},{\"@type\":\"ListItem\",\"position\":2,\"name\":\"Aviso Legal\"}]},{\"@type\":\"WebSite\",\"@id\":\"https:\/\/samtok.es\/#website\",\"url\":\"https:\/\/samtok.es\/\",\"name\":\"Samt\u00f6k\",\"description\":\"app para conocer gente para hacer deporte\",\"publisher\":{\"@id\":\"https:\/\/samtok.es\/#organization\"},\"alternateName\":\"app para hacer deporte\",\"potentialAction\":[{\"@type\":\"SearchAction\",\"target\":{\"@type\":\"EntryPoint\",\"urlTemplate\":\"https:\/\/samtok.es\/?s={search_term_string}\"},\"query-input\":\"required name=search_term_string\"}],\"inLanguage\":\"ca\"},{\"@type\":\"Organization\",\"@id\":\"https:\/\/samtok.es\/#organization\",\"name\":\"Samt\u00f6k - App para hacer deporte con gente\",\"alternateName\":\"App para hacer deporte con gente\",\"url\":\"https:\/\/samtok.es\/\",\"logo\":{\"@type\":\"ImageObject\",\"inLanguage\":\"ca\",\"@id\":\"https:\/\/samtok.es\/#\/schema\/logo\/image\/\",\"url\":\"https:\/\/samtok.es\/wp-content\/uploads\/2022\/12\/logo-samtok-menu-e1671229490268.png\",\"contentUrl\":\"https:\/\/samtok.es\/wp-content\/uploads\/2022\/12\/logo-samtok-menu-e1671229490268.png\",\"width\":228,\"height\":50,\"caption\":\"Samt\u00f6k - App para hacer deporte con gente\"},\"image\":{\"@id\":\"https:\/\/samtok.es\/#\/schema\/logo\/image\/\"}}]}<\/script>\n<!-- \/ Yoast SEO plugin. -->","yoast_head_json":{"title":"Aviso Legal - Samt\u00f6k","description":"Este es el aviso legal de la p\u00e1gina web de Samt\u00f6k.","robots":{"index":"noindex","follow":"follow"},"og_locale":"ca_ES","og_type":"article","og_title":"Aviso Legal - Samt\u00f6k","og_description":"Este es el aviso legal de la p\u00e1gina web de Samt\u00f6k.","og_url":"https:\/\/samtok.es\/ca\/aviso-legal\/","og_site_name":"Samt\u00f6k","article_modified_time":"2023-04-17T13:47:37+00:00","og_image":[{"width":228,"height":50,"url":"https:\/\/samtok.es\/wp-content\/uploads\/2022\/12\/logo-samtok-menu-e1671229490268.png","type":"image\/png"}],"twitter_card":"summary_large_image","twitter_misc":{"Temps estimat de lectura":"10 minuts"},"schema":{"@context":"https:\/\/schema.org","@graph":[{"@type":"WebPage","@id":"https:\/\/samtok.es\/aviso-legal\/","url":"https:\/\/samtok.es\/aviso-legal\/","name":"Aviso Legal - Samt\u00f6k","isPartOf":{"@id":"https:\/\/samtok.es\/#website"},"datePublished":"2022-08-19T15:08:50+00:00","dateModified":"2023-04-17T13:47:37+00:00","description":"Este es el aviso legal de la p\u00e1gina web de Samt\u00f6k.","breadcrumb":{"@id":"https:\/\/samtok.es\/aviso-legal\/#breadcrumb"},"inLanguage":"ca","potentialAction":[{"@type":"ReadAction","target":["https:\/\/samtok.es\/aviso-legal\/"]}]},{"@type":"BreadcrumbList","@id":"https:\/\/samtok.es\/aviso-legal\/#breadcrumb","itemListElement":[{"@type":"ListItem","position":1,"name":"Portada","item":"https:\/\/samtok.es\/"},{"@type":"ListItem","position":2,"name":"Aviso Legal"}]},{"@type":"WebSite","@id":"https:\/\/samtok.es\/#website","url":"https:\/\/samtok.es\/","name":"Samt\u00f6k","description":"app para conocer gente para hacer deporte","publisher":{"@id":"https:\/\/samtok.es\/#organization"},"alternateName":"app para hacer deporte","potentialAction":[{"@type":"SearchAction","target":{"@type":"EntryPoint","urlTemplate":"https:\/\/samtok.es\/?s={search_term_string}"},"query-input":"required name=search_term_string"}],"inLanguage":"ca"},{"@type":"Organization","@id":"https:\/\/samtok.es\/#organization","name":"Samt\u00f6k - App para hacer deporte con gente","alternateName":"App para hacer deporte con gente","url":"https:\/\/samtok.es\/","logo":{"@type":"ImageObject","inLanguage":"ca","@id":"https:\/\/samtok.es\/#\/schema\/logo\/image\/","url":"https:\/\/samtok.es\/wp-content\/uploads\/2022\/12\/logo-samtok-menu-e1671229490268.png","contentUrl":"https:\/\/samtok.es\/wp-content\/uploads\/2022\/12\/logo-samtok-menu-e1671229490268.png","width":228,"height":50,"caption":"Samt\u00f6k - App para hacer deporte con gente"},"image":{"@id":"https:\/\/samtok.es\/#\/schema\/logo\/image\/"}}]}},"_links":{"self":[{"href":"https:\/\/samtok.es\/ca\/wp-json\/wp\/v2\/pages\/358","targetHints":{"allow":["GET"]}}],"collection":[{"href":"https:\/\/samtok.es\/ca\/wp-json\/wp\/v2\/pages"}],"about":[{"href":"https:\/\/samtok.es\/ca\/wp-json\/wp\/v2\/types\/page"}],"author":[{"embeddable":true,"href":"https:\/\/samtok.es\/ca\/wp-json\/wp\/v2\/users\/1"}],"replies":[{"embeddable":true,"href":"https:\/\/samtok.es\/ca\/wp-json\/wp\/v2\/comments?post=358"}],"version-history":[{"count":0,"href":"https:\/\/samtok.es\/ca\/wp-json\/wp\/v2\/pages\/358\/revisions"}],"wp:attachment":[{"href":"https:\/\/samtok.es\/ca\/wp-json\/wp\/v2\/media?parent=358"}],"curies":[{"name":"wp","href":"https:\/\/api.w.org\/{rel}","templated":true}]}}