{"id":1470,"date":"2023-07-24T10:00:45","date_gmt":"2023-07-24T10:00:45","guid":{"rendered":"https:\/\/samtok.es\/?page_id=1470"},"modified":"2023-07-24T10:31:34","modified_gmt":"2023-07-24T10:31:34","slug":"blog","status":"publish","type":"page","link":"https:\/\/samtok.es\/en\/blog\/","title":{"rendered":"Blog para hacer deporte"},"content":{"rendered":"<p>[et_pb_section fb_built=\u00bb1&#8243; theme_builder_area=\u00bbpost_content\u00bb _builder_version=\u00bb4.21.0&#8243; _module_preset=\u00bbdefault\u00bb][\/et_pb_section]<\/p>","protected":false},"excerpt":{"rendered":"","protected":false},"author":1,"featured_media":1475,"parent":0,"menu_order":0,"comment_status":"closed","ping_status":"closed","template":"","meta":{"_et_pb_use_builder":"on","_et_pb_old_content":"","_et_gb_content_width":"","om_disable_all_campaigns":false,"footnotes":""},"class_list":["post-1470","page","type-page","status-publish","has-post-thumbnail","hentry"],"yoast_head":"<!-- This site is optimized with the Yoast SEO plugin v22.6 - https:\/\/yoast.com\/wordpress\/plugins\/seo\/ -->\n<title>Blog para hacer deporte - Samt\u00f6k<\/title>\n<meta name=\"description\" content=\"Descubre el blog para hacer deporte de la App de Samt\u00f6k. Art\u00edculos para recomendarte sitios, actividades, beneficios del deporte y mucho m\u00e1s\" \/>\n<meta name=\"robots\" content=\"index, follow, max-snippet:-1, max-image-preview:large, max-video-preview:-1\" \/>\n<link rel=\"canonical\" href=\"https:\/\/samtok.es\/en\/\" \/>\n<meta property=\"og:locale\" content=\"en_US\" \/>\n<meta property=\"og:type\" content=\"article\" \/>\n<meta property=\"og:title\" content=\"Blog para hacer deporte - Samt\u00f6k\" \/>\n<meta property=\"og:description\" content=\"Descubre el blog para hacer deporte de la App de Samt\u00f6k. Art\u00edculos para recomendarte sitios, actividades, beneficios del deporte y mucho m\u00e1s\" \/>\n<meta property=\"og:url\" content=\"https:\/\/samtok.es\/en\/\" \/>\n<meta property=\"og:site_name\" content=\"Samt\u00f6k\" \/>\n<meta property=\"article:modified_time\" content=\"2023-07-24T10:31:34+00:00\" \/>\n<meta property=\"og:image\" content=\"https:\/\/samtok.es\/wp-content\/uploads\/2023\/07\/inici-app-samtok.jpg\" \/>\n\t<meta property=\"og:image:width\" content=\"1080\" \/>\n\t<meta property=\"og:image:height\" content=\"1849\" \/>\n\t<meta property=\"og:image:type\" content=\"image\/jpeg\" \/>\n<meta name=\"twitter:card\" content=\"summary_large_image\" \/>\n<script type=\"application\/ld+json\" class=\"yoast-schema-graph\">{\"@context\":\"https:\/\/schema.org\",\"@graph\":[{\"@type\":[\"Article\",\"BlogPosting\"],\"@id\":\"https:\/\/samtok.es\/#article\",\"isPartOf\":{\"@id\":\"https:\/\/samtok.es\/blog\/\"},\"author\":{\"name\":\"Samtok\",\"@id\":\"https:\/\/samtok.es\/#\/schema\/person\/a504e82ef89aed74a251e45a316bab2e\"},\"headline\":\"Blog para hacer deporte\",\"datePublished\":\"2023-07-24T10:00:45+00:00\",\"dateModified\":\"2023-07-24T10:31:34+00:00\",\"mainEntityOfPage\":{\"@id\":\"https:\/\/samtok.es\/blog\/\"},\"wordCount\":22,\"publisher\":{\"@id\":\"https:\/\/samtok.es\/#organization\"},\"image\":{\"@id\":\"https:\/\/samtok.es\/#primaryimage\"},\"thumbnailUrl\":\"https:\/\/samtok.es\/wp-content\/uploads\/2023\/07\/inici-app-samtok.jpg\",\"inLanguage\":\"en-US\"},{\"@type\":\"WebPage\",\"@id\":\"https:\/\/samtok.es\/blog\/\",\"url\":\"https:\/\/samtok.es\/\",\"name\":\"Blog para hacer deporte - Samt\u00f6k\",\"isPartOf\":{\"@id\":\"https:\/\/samtok.es\/#website\"},\"primaryImageOfPage\":{\"@id\":\"https:\/\/samtok.es\/#primaryimage\"},\"image\":{\"@id\":\"https:\/\/samtok.es\/#primaryimage\"},\"thumbnailUrl\":\"https:\/\/samtok.es\/wp-content\/uploads\/2023\/07\/inici-app-samtok.jpg\",\"datePublished\":\"2023-07-24T10:00:45+00:00\",\"dateModified\":\"2023-07-24T10:31:34+00:00\",\"description\":\"Descubre el blog para hacer deporte de la App de Samt\u00f6k. Art\u00edculos para recomendarte sitios, actividades, beneficios del deporte y mucho m\u00e1s\",\"breadcrumb\":{\"@id\":\"https:\/\/samtok.es\/#breadcrumb\"},\"inLanguage\":\"en-US\",\"potentialAction\":[{\"@type\":\"ReadAction\",\"target\":[\"https:\/\/samtok.es\/\"]}]},{\"@type\":\"ImageObject\",\"inLanguage\":\"en-US\",\"@id\":\"https:\/\/samtok.es\/#primaryimage\",\"url\":\"https:\/\/samtok.es\/wp-content\/uploads\/2023\/07\/inici-app-samtok.jpg\",\"contentUrl\":\"https:\/\/samtok.es\/wp-content\/uploads\/2023\/07\/inici-app-samtok.jpg\",\"width\":1080,\"height\":1849,\"caption\":\"App samtok pantalla inicial\"},{\"@type\":\"BreadcrumbList\",\"@id\":\"https:\/\/samtok.es\/#breadcrumb\",\"itemListElement\":[{\"@type\":\"ListItem\",\"position\":1,\"name\":\"Portada\",\"item\":\"https:\/\/samtok.es\/\"},{\"@type\":\"ListItem\",\"position\":2,\"name\":\"Blog para hacer deporte\"}]},{\"@type\":\"WebSite\",\"@id\":\"https:\/\/samtok.es\/#website\",\"url\":\"https:\/\/samtok.es\/\",\"name\":\"Samt\u00f6k\",\"description\":\"app para conocer gente para hacer deporte\",\"publisher\":{\"@id\":\"https:\/\/samtok.es\/#organization\"},\"alternateName\":\"app para hacer deporte\",\"potentialAction\":[{\"@type\":\"SearchAction\",\"target\":{\"@type\":\"EntryPoint\",\"urlTemplate\":\"https:\/\/samtok.es\/?s={search_term_string}\"},\"query-input\":\"required name=search_term_string\"}],\"inLanguage\":\"en-US\"},{\"@type\":\"Organization\",\"@id\":\"https:\/\/samtok.es\/#organization\",\"name\":\"Samt\u00f6k - App para hacer deporte con gente\",\"alternateName\":\"App para hacer deporte con gente\",\"url\":\"https:\/\/samtok.es\/\",\"logo\":{\"@type\":\"ImageObject\",\"inLanguage\":\"en-US\",\"@id\":\"https:\/\/samtok.es\/#\/schema\/logo\/image\/\",\"url\":\"https:\/\/samtok.es\/wp-content\/uploads\/2022\/12\/logo-samtok-menu-e1671229490268.png\",\"contentUrl\":\"https:\/\/samtok.es\/wp-content\/uploads\/2022\/12\/logo-samtok-menu-e1671229490268.png\",\"width\":228,\"height\":50,\"caption\":\"Samt\u00f6k - App para hacer deporte con gente\"},\"image\":{\"@id\":\"https:\/\/samtok.es\/#\/schema\/logo\/image\/\"}},{\"@type\":\"Person\",\"@id\":\"https:\/\/samtok.es\/#\/schema\/person\/a504e82ef89aed74a251e45a316bab2e\",\"name\":\"Samtok\",\"image\":{\"@type\":\"ImageObject\",\"inLanguage\":\"en-US\",\"@id\":\"https:\/\/samtok.es\/#\/schema\/person\/image\/\",\"url\":\"https:\/\/secure.gravatar.com\/avatar\/fe98306900a152d8d4a770c369ddcd0e4ef3e93b4683db534be81f65828b8964?s=96&d=mm&r=g\",\"contentUrl\":\"https:\/\/secure.gravatar.com\/avatar\/fe98306900a152d8d4a770c369ddcd0e4ef3e93b4683db534be81f65828b8964?s=96&d=mm&r=g\",\"caption\":\"Samtok\"},\"sameAs\":[\"https:\/\/samtok.es\"]}]}<\/script>\n<!-- \/ Yoast SEO plugin. -->","yoast_head_json":{"title":"Blog para hacer deporte - Samt\u00f6k","description":"Descubre el blog para hacer deporte de la App de Samt\u00f6k. Art\u00edculos para recomendarte sitios, actividades, beneficios del deporte y mucho m\u00e1s","robots":{"index":"index","follow":"follow","max-snippet":"max-snippet:-1","max-image-preview":"max-image-preview:large","max-video-preview":"max-video-preview:-1"},"canonical":"https:\/\/samtok.es\/en\/","og_locale":"en_US","og_type":"article","og_title":"Blog para hacer deporte - Samt\u00f6k","og_description":"Descubre el blog para hacer deporte de la App de Samt\u00f6k. Art\u00edculos para recomendarte sitios, actividades, beneficios del deporte y mucho m\u00e1s","og_url":"https:\/\/samtok.es\/en\/","og_site_name":"Samt\u00f6k","article_modified_time":"2023-07-24T10:31:34+00:00","og_image":[{"width":1080,"height":1849,"url":"https:\/\/samtok.es\/wp-content\/uploads\/2023\/07\/inici-app-samtok.jpg","type":"image\/jpeg"}],"twitter_card":"summary_large_image","schema":{"@context":"https:\/\/schema.org","@graph":[{"@type":["Article","BlogPosting"],"@id":"https:\/\/samtok.es\/#article","isPartOf":{"@id":"https:\/\/samtok.es\/blog\/"},"author":{"name":"Samtok","@id":"https:\/\/samtok.es\/#\/schema\/person\/a504e82ef89aed74a251e45a316bab2e"},"headline":"Blog para hacer deporte","datePublished":"2023-07-24T10:00:45+00:00","dateModified":"2023-07-24T10:31:34+00:00","mainEntityOfPage":{"@id":"https:\/\/samtok.es\/blog\/"},"wordCount":22,"publisher":{"@id":"https:\/\/samtok.es\/#organization"},"image":{"@id":"https:\/\/samtok.es\/#primaryimage"},"thumbnailUrl":"https:\/\/samtok.es\/wp-content\/uploads\/2023\/07\/inici-app-samtok.jpg","inLanguage":"en-US"},{"@type":"WebPage","@id":"https:\/\/samtok.es\/blog\/","url":"https:\/\/samtok.es\/","name":"Blog para hacer deporte - Samt\u00f6k","isPartOf":{"@id":"https:\/\/samtok.es\/#website"},"primaryImageOfPage":{"@id":"https:\/\/samtok.es\/#primaryimage"},"image":{"@id":"https:\/\/samtok.es\/#primaryimage"},"thumbnailUrl":"https:\/\/samtok.es\/wp-content\/uploads\/2023\/07\/inici-app-samtok.jpg","datePublished":"2023-07-24T10:00:45+00:00","dateModified":"2023-07-24T10:31:34+00:00","description":"Descubre el blog para hacer deporte de la App de Samt\u00f6k. Art\u00edculos para recomendarte sitios, actividades, beneficios del deporte y mucho m\u00e1s","breadcrumb":{"@id":"https:\/\/samtok.es\/#breadcrumb"},"inLanguage":"en-US","potentialAction":[{"@type":"ReadAction","target":["https:\/\/samtok.es\/"]}]},{"@type":"ImageObject","inLanguage":"en-US","@id":"https:\/\/samtok.es\/#primaryimage","url":"https:\/\/samtok.es\/wp-content\/uploads\/2023\/07\/inici-app-samtok.jpg","contentUrl":"https:\/\/samtok.es\/wp-content\/uploads\/2023\/07\/inici-app-samtok.jpg","width":1080,"height":1849,"caption":"App samtok pantalla inicial"},{"@type":"BreadcrumbList","@id":"https:\/\/samtok.es\/#breadcrumb","itemListElement":[{"@type":"ListItem","position":1,"name":"Portada","item":"https:\/\/samtok.es\/"},{"@type":"ListItem","position":2,"name":"Blog para hacer deporte"}]},{"@type":"WebSite","@id":"https:\/\/samtok.es\/#website","url":"https:\/\/samtok.es\/","name":"Samt\u00f6k","description":"app para conocer gente para hacer deporte","publisher":{"@id":"https:\/\/samtok.es\/#organization"},"alternateName":"app para hacer deporte","potentialAction":[{"@type":"SearchAction","target":{"@type":"EntryPoint","urlTemplate":"https:\/\/samtok.es\/?s={search_term_string}"},"query-input":"required name=search_term_string"}],"inLanguage":"en-US"},{"@type":"Organization","@id":"https:\/\/samtok.es\/#organization","name":"Samt\u00f6k - App para hacer deporte con gente","alternateName":"App para hacer deporte con gente","url":"https:\/\/samtok.es\/","logo":{"@type":"ImageObject","inLanguage":"en-US","@id":"https:\/\/samtok.es\/#\/schema\/logo\/image\/","url":"https:\/\/samtok.es\/wp-content\/uploads\/2022\/12\/logo-samtok-menu-e1671229490268.png","contentUrl":"https:\/\/samtok.es\/wp-content\/uploads\/2022\/12\/logo-samtok-menu-e1671229490268.png","width":228,"height":50,"caption":"Samt\u00f6k - App para hacer deporte con gente"},"image":{"@id":"https:\/\/samtok.es\/#\/schema\/logo\/image\/"}},{"@type":"Person","@id":"https:\/\/samtok.es\/#\/schema\/person\/a504e82ef89aed74a251e45a316bab2e","name":"Samtok","image":{"@type":"ImageObject","inLanguage":"en-US","@id":"https:\/\/samtok.es\/#\/schema\/person\/image\/","url":"https:\/\/secure.gravatar.com\/avatar\/fe98306900a152d8d4a770c369ddcd0e4ef3e93b4683db534be81f65828b8964?s=96&d=mm&r=g","contentUrl":"https:\/\/secure.gravatar.com\/avatar\/fe98306900a152d8d4a770c369ddcd0e4ef3e93b4683db534be81f65828b8964?s=96&d=mm&r=g","caption":"Samtok"},"sameAs":["https:\/\/samtok.es"]}]}},"_links":{"self":[{"href":"https:\/\/samtok.es\/en\/wp-json\/wp\/v2\/pages\/1470","targetHints":{"allow":["GET"]}}],"collection":[{"href":"https:\/\/samtok.es\/en\/wp-json\/wp\/v2\/pages"}],"about":[{"href":"https:\/\/samtok.es\/en\/wp-json\/wp\/v2\/types\/page"}],"author":[{"embeddable":true,"href":"https:\/\/samtok.es\/en\/wp-json\/wp\/v2\/users\/1"}],"replies":[{"embeddable":true,"href":"https:\/\/samtok.es\/en\/wp-json\/wp\/v2\/comments?post=1470"}],"version-history":[{"count":3,"href":"https:\/\/samtok.es\/en\/wp-json\/wp\/v2\/pages\/1470\/revisions"}],"predecessor-version":[{"id":1482,"href":"https:\/\/samtok.es\/en\/wp-json\/wp\/v2\/pages\/1470\/revisions\/1482"}],"wp:featuredmedia":[{"embeddable":true,"href":"https:\/\/samtok.es\/en\/wp-json\/wp\/v2\/media\/1475"}],"wp:attachment":[{"href":"https:\/\/samtok.es\/en\/wp-json\/wp\/v2\/media?parent=1470"}],"curies":[{"name":"wp","href":"https:\/\/api.w.org\/{rel}","templated":true}]}}