{"id":365,"date":"2022-08-19T15:15:04","date_gmt":"2022-08-19T15:15:04","guid":{"rendered":"https:\/\/samtok.es\/?page_id=365"},"modified":"2023-06-01T12:56:13","modified_gmt":"2023-06-01T12:56:13","slug":"politica-de-privacidad","status":"publish","type":"page","link":"https:\/\/samtok.es\/en\/politica-de-privacidad\/","title":{"rendered":"Pol\u00edtica de Privacidad"},"content":{"rendered":"[et_pb_section fb_built=\u00bb1&#8243; _builder_version=\u00bb4.16&#8243; _module_preset=\u00bbdefault\u00bb global_colors_info=\u00bb{}\u00bb][et_pb_row _builder_version=\u00bb4.16&#8243; _module_preset=\u00bbdefault\u00bb global_colors_info=\u00bb{}\u00bb][et_pb_column type=\u00bb4_4&#8243; _builder_version=\u00bb4.16&#8243; _module_preset=\u00bbdefault\u00bb global_colors_info=\u00bb{}\u00bb][et_pb_text _builder_version=\u00bb4.16&#8243; _module_preset=\u00bbdefault\u00bb text_font=\u00bbOpen Sans||||||||\u00bb header_font=\u00bbOpen Sans||||||||\u00bb global_colors_info=\u00bb{}\u00bb]<h1>POL\u00cdTICA DE PRIVACIDAD<\/h1>\n<p><strong><\/strong><\/p>\n<p>De acuerdo con la normativa de Protecci\u00f3n de Datos de Car\u00e1cter Personal, procedemos a informarle del tratamiento de datos personales que realizamos:<\/p>\n<p><strong>1.- Responsable de tratamiento de los datos.<\/strong><\/p>\n<p>El responsable del tratamiento de sus datos personales es Andrea Sol\u00e0 Forcadell (en adelante, \u201cSamt\u00f6k\u201d), con N.I.F. 78582875V, y domicilio en Calle Riu Segura, 99 \u2013 Esc C, 2-2, 08800 Vilanova i la Geltr\u00fa, (Barcelona).<\/p>\n<p>La presente Pol\u00edtica de Privacidad regula el acceso y el uso de la web y la app Samt\u00f6k (en adelante, el \u00ab<strong><em>la Plataforma<\/em><\/strong>\u00ab) que Samt\u00f6k pone a disposici\u00f3n de los usuarios (en adelante, los \u00ab<strong><em>Usuarios<\/em><\/strong>\u00ab) interesados en los productos y los contenidos (en adelante, los \u00ab<strong><em>Servicios<\/em><\/strong>\u00ab) ofertados por SAMT\u00d6K en el mismo.<\/p>\n<p>Correo electr\u00f3nico de contacto: <a href=\"mailto:info@samtok.es\">info@samtok.es<\/a><\/p>\n<p>&nbsp;<\/p>\n<p><strong>2.- Recomendaciones.<\/strong><\/p>\n<p>Por favor, lea atentamente y siga las siguientes recomendaciones:<\/p>\n<ul>\n<li>Mantenga su equipo equipado con software antivirus debidamente actualizado contra software malicioso y aplicaciones de spyware que puedan poner en peligro su navegaci\u00f3n por Internet y la informaci\u00f3n alojada en su equipo.<\/li>\n<\/ul>\n<ul>\n<li>Lea y revise esta Pol\u00edtica de Privacidad y todos los textos legales puestos a disposici\u00f3n por SAMT\u00d6K en la Plataforma.<\/li>\n<\/ul>\n<p>&nbsp;<\/p>\n<p><strong>3.- Informaci\u00f3n sobre los datos que SAMT\u00d6K recopila a trav\u00e9s de la Plataforma.<\/strong><\/p>\n<p>Para el correcto funcionamiento de la Plataforma, SAMT\u00d6K puede tener acceso a los siguientes datos facilitados, en su caso, por parte de Usuario:<\/p>\n<ul>\n<li>Nombre de usuario (obligatorio).<\/li>\n<li>Correo electr\u00f3nico (obligatorio).<\/li>\n<li>Contrase\u00f1a (obligatorio).<\/li>\n<li>N\u00famero de contacto.\u00a0<\/li>\n<li>Fotos.<\/li>\n<li>Actividades favoritas.<\/li>\n<li>Provincia.<\/li>\n<li>Ciudad.<\/li>\n<li>Localizaci\u00f3n.<\/li>\n<\/ul>\n<p>&nbsp;<\/p>\n<p><strong>4.- \u00bfPor qu\u00e9 SAMT\u00d6K est\u00e1 legitimada para procesar sus datos?<\/strong><\/p>\n<p>SAMT\u00d6K recopilar\u00e1 y tratar\u00e1 los datos estrictamente necesarios para la correspondiente finalidad.<\/p>\n<p><span>La base de legitimaci\u00f3n de\u00a0<\/span>SAMT\u00d6K <span>para\u00a0el tratamiento de los datos de los Usuarios a trav\u00e9s de esta Plataforma es el consentimiento de los Usuarios al tratamiento de sus datos personales, as\u00ed como la necesidad de su tratamiento para ejecutar la relaci\u00f3n contractual en la que el Usuario es parte. <\/span><\/p>\n<p><span>Aceptando la presente Pol\u00edtica de Privacidad y marcando las casillas correspondientes, el Usuario presta su consentimiento a dicho tratamiento.<\/span><span>\u00a0<\/span><\/p>\n<p>SAMT\u00d6K se toma muy en serio la protecci\u00f3n de su privacidad y sus datos personales. Por esta raz\u00f3n, sus datos personales se conservan de forma segura y se tratan con el m\u00e1ximo cuidado, de conformidad con las disposiciones del Reglamento (UE) 2016\/679 del Parlamento Europeo y del Consejo, de 27 de abril de 2016, relativo a la protecci\u00f3n de las personas f\u00edsicas en lo que respecta al tratamiento de datos personales y a la libre circulaci\u00f3n de estos datos (el \u00abReglamento general de protecci\u00f3n de datos\u00bb o \u00ab<strong>Reglamento de protecci\u00f3n de datos <\/strong>o <strong>RGPD<\/strong>\u00ab).<\/p>\n<p>La presente Pol\u00edtica de Privacidad regula el acceso y el uso del servicio que SAMT\u00d6K pone a disposici\u00f3n del Usuario interesado en los servicios y contenidos alojados en la Plataforma.<\/p>\n<p>Por lo que respecta a este punto, el Usuario podr\u00e1 retirar su consentimiento en cualquier momento mandando un mensaje a la siguiente direcci\u00f3n de correo electr\u00f3nico: <a href=\"mailto:info@samtok.es\">info@samtok.es<\/a> sin que ello afecte a la licitud del tratamiento basado en el consentimiento previo a su retirada.<\/p>\n<p>&nbsp;<\/p>\n<p><strong>5.- \u00bfCu\u00e1les son las finalidades del tratamiento de sus datos personales?<\/strong><\/p>\n<p>Sus datos de car\u00e1cter personal recabados por SAMT\u00d6K podr\u00e1n ser utilizados para las siguientes finalidades, seg\u00fan el consentimiento otorgado en el formulario de registro correspondiente:<\/p>\n<ul>\n<li><strong> <\/strong>Permitir que la Plataforma cumplan su funci\u00f3n de facilitar un espacio para la publicaci\u00f3n o b\u00fasqueda de actividades deportivas variadas.<\/li>\n<li><strong> <\/strong>Gestionar, tramitar y dar respuesta a peticiones, solicitudes, incidencias o consultas de los Usuarios.<\/li>\n<li><strong> <\/strong>Recibir por carta, tel\u00e9fono, correo electr\u00f3nico, SMS\/MMS, o por otros medios de comunicaci\u00f3n electr\u00f3nica equivalentes, comunicaciones comerciales o informaci\u00f3n sobre productos y servicios de SAMT\u00d6K.<\/li>\n<\/ul>\n<p>&nbsp;<\/p>\n<p><strong>6.- Veracidad de los datos facilitados por los Usuarios.<\/strong><\/p>\n<p>El Usuario garantiza la veracidad de los datos personales facilitados y se compromete a comunicar a SAMT\u00d6K cualquier modificaci\u00f3n de los mismos.\u00a0 El Usuario responder\u00e1, en cualquier caso, de la veracidad de los datos facilitados, reserv\u00e1ndose SAMT\u00d6K el derecho a excluir de los servicios a todo Usuario que haya facilitado datos falsos, sin perjuicio de las dem\u00e1s acciones que procedan en Derecho.<\/p>\n<p>Se recomienda que los Usuarios protejan sus datos con la m\u00e1xima diligencia utilizando las herramientas de seguridad adecuadas. SAMT\u00d6K no ser\u00e1 responsable de ning\u00fan robo, modificaci\u00f3n ilegal o p\u00e9rdida de datos como consecuencia de la falta de diligencia del Usuario sobre el acceso a su Cuenta.<\/p>\n<p>El Usuario asume la responsabilidad respecto de los Datos Personales de terceros que se obtengan, publiquen o compartan a trav\u00e9s de SAMT\u00d6K y declara por la presente que tiene el consentimiento de dichos terceros para proporcionar dichos Datos a SAMT\u00d6K.<\/p>\n<p>Cualquier modificaci\u00f3n o actualizaci\u00f3n de los datos deber\u00e1 ser comunicada a SAMT\u00d6K a trav\u00e9s de los medios de comunicaci\u00f3n previstos en la presente Pol\u00edtica de Privacidad.<\/p>\n<p>&nbsp;<\/p>\n<p><strong>7.- Conservaci\u00f3n de datos.<\/strong><\/p>\n<p>La protecci\u00f3n de la privacidad y de los datos personales de los Usuarios es muy importante para SAMT\u00d6K. Por lo tanto, SAMT\u00d6K hace todo lo posible para evitar que los datos del Usuario sean utilizados de manera inadecuada. S\u00f3lo el personal autorizado tiene acceso a los datos del Usuario.<\/p>\n<p>Los datos personales del Usuario se conservar\u00e1n mientras perdure la finalidad para la cual han sido recabados o mientras que el Usuario no haya revocado su consentimiento, ejercitando alguno de los derechos que le son inherentes de conformidad con la legislaci\u00f3n aplicable o solicite el borrado de determinados datos personales.<\/p>\n<p>SAMT\u00d6K podr\u00e1 conservar los Datos Personales durante un periodo adicional cuando el Usuario preste su consentimiento a tal tratamiento, siempre que dicho consentimiento siga vigente. Adem\u00e1s, SAMT\u00d6K estar\u00e1 obligado a conservar Datos Personales durante un periodo adicional siempre que se precise para el cumplimiento de una obligaci\u00f3n legal o por orden que proceda de la autoridad.<\/p>\n<p>Posteriormente, una vez finalizado el plazo de conservaci\u00f3n, SAMT\u00d6K mantendr\u00e1 la informaci\u00f3n bloqueada durante los plazos legalmente establecidos para su posterior supresi\u00f3n.<\/p>\n<p>SAMT\u00d6K se compromete al cumplimiento de su obligaci\u00f3n de secreto y confidencialidad de los datos de car\u00e1cter personal conforme a lo dispuesto en la legislaci\u00f3n aplicable.<\/p>\n<p>&nbsp;<\/p>\n<p><strong>8.- Derechos de los usuarios.<\/strong><\/p>\n<p>Los usuarios tienen derecho a:<\/p>\n<ul>\n<li><strong> <\/strong><strong>Acceder<\/strong> a sus datos personales;<\/li>\n<li><strong> <\/strong>Solicitar la <strong>rectificaci\u00f3n<\/strong> de cualquier dato inexacto;<\/li>\n<li><strong> <\/strong>Solicitar la <strong>supresi\u00f3n<\/strong> de sus datos;<\/li>\n<li><strong> <\/strong>Solicitar que se <strong>limite el tratamiento<\/strong> de sus datos;<\/li>\n<li><strong> <\/strong><strong>Oponerse<\/strong> al tratamiento de sus datos;<\/li>\n<li><strong> <\/strong>Solicitar la <strong>portabilidad<\/strong> de sus datos.<\/li>\n<li><strong> <\/strong>Asimismo, los Usuarios tendr\u00e1n derecho a <strong>no ser objeto de decisiones basadas \u00fanicamente en el tratamiento automatizado de datos.<\/strong><\/li>\n<\/ul>\n<p>El Usuario puede ejercer todos estos derechos en la siguiente direcci\u00f3n de correo electr\u00f3nico: <a href=\"mailto:info@samtok.es\">info@samtok.es<\/a> <span>\u00a0<\/span>indicando el motivo de su petici\u00f3n, su email y su nombre de usuario.\u00a0<\/p>\n<p>El Usuario puede tambi\u00e9n enviar su petici\u00f3n por correo ordinario a la siguiente direcci\u00f3n: Calle Riu Segura, 99 \u2013 Esc C, 2-2, 08800 Vilanova i la Geltr\u00fa, (Barcelona).<\/p>\n<p>La comunicaci\u00f3n dirigida a SAMT\u00d6K deber\u00e1 contener la siguiente informaci\u00f3n:<\/p>\n<ul>\n<li>Nombre y apellidos del Usuario, email con el que se ha dado de alta en la plataforma.\u00a0<\/li>\n<li>Petici\u00f3n en que se concreta la solicitud.<\/li>\n<\/ul>\n<p>Sin perjuicio de cualquier otro recurso administrativo o acci\u00f3n judicial, el Usuario tendr\u00e1 derecho a presentar una reclamaci\u00f3n ante una Autoridad de Control, en particular en el Estado miembro en el que tenga su residencia habitual, lugar de trabajo o lugar de la supuesta infracci\u00f3n, en caso de que considere que el tratamiento de sus datos personales no es adecuado a la normativa, as\u00ed como en el caso de no ver satisfecho el ejercicio de sus derechos. La autoridad de control ante la que se haya presentado la reclamaci\u00f3n informar\u00e1 al reclamante sobre el curso y el resultado de la reclamaci\u00f3n.<\/p>\n<p>&nbsp;<\/p>\n<p><strong>9.- Transferencias y\/o cesiones a terceros.<\/strong><\/p>\n<p>Se informa al Usuario de que sus datos de car\u00e1cter personal no podr\u00e1n ser cedidos a terceras empresas o entidades para finalidades diferentes de las que fueron recogidos.<\/p>\n<p>Los datos de los Usuarios \u00fanicamente podr\u00e1n ser utilizados por SAMT\u00d6K y los Profesionales que prestan sus servicios en SAMT\u00d6K para cualquier uso que sirva para cumplir correctamente con las finalidades del tratamiento de datos de car\u00e1cter personal recogidas en el punto 4 de esta Pol\u00edtica de Privacidad.<\/p>\n<p>&nbsp;<\/p>\n<p><strong>10.- Preguntas.<\/strong><\/p>\n<p>Si tiene alguna duda sobre nuestra Pol\u00edtica de Privacidad, p\u00f3ngase en contacto con nosotros enviando un correo electr\u00f3nico a: <a href=\"mailto:info@samtok.es\">info@samtok.es<\/a><\/p>\n<p>Asimismo, si considera que sus derechos no est\u00e1n debidamente salvaguardados, tiene derecho a presentar una reclamaci\u00f3n ante la Agencia Espa\u00f1ola de Protecci\u00f3n de Datos, cuyos datos de contacto son: tel\u00e9fonos 900 293 183; direcci\u00f3n postal C\/Jorge Juan 6, 28001 Madrid; oficina electr\u00f3nica <a href=\"https:\/\/sedeagpd.gob.es\/sede-electronica-web\/\">https:\/\/sedeagpd.gob.es\/sede-electronica-web\/<\/a> y Solicitud <a href=\"https:\/\/www.agpd.es\">www.agpd.es<\/a><\/p>\n<p>&nbsp;<\/p>\n<p><strong>11.- Aceptaci\u00f3n y Consentimiento.<\/strong><\/p>\n<p>El Usuario declara haber sido informado de las condiciones sobre protecci\u00f3n de datos personales, aceptando y consintiendo el tratamiento de los mismos por parte de SAMT\u00d6K, en la forma y para las finalidades indicadas en la presente Pol\u00edtica de Privacidad.<\/p>\n<p>&nbsp;<\/p>[\/et_pb_text][\/et_pb_column][\/et_pb_row][\/et_pb_section]","protected":false},"excerpt":{"rendered":"<p>POL\u00cdTICA DE PRIVACIDAD De acuerdo con la normativa de Protecci\u00f3n de Datos de Car\u00e1cter Personal, procedemos a informarle del tratamiento de datos personales que realizamos: 1.- Responsable de tratamiento de los datos. El responsable del tratamiento de sus datos personales es Andrea Sol\u00e0 Forcadell (en adelante, \u201cSamt\u00f6k\u201d), con N.I.F. 78582875V, y domicilio en Calle Riu [&hellip;]<\/p>","protected":false},"author":1,"featured_media":0,"parent":0,"menu_order":0,"comment_status":"closed","ping_status":"closed","template":"","meta":{"_et_pb_use_builder":"on","_et_pb_old_content":"","_et_gb_content_width":"","om_disable_all_campaigns":false,"footnotes":""},"class_list":["post-365","page","type-page","status-publish","hentry"],"yoast_head":"<!-- This site is optimized with the Yoast SEO plugin v22.6 - https:\/\/yoast.com\/wordpress\/plugins\/seo\/ -->\n<title>Pol\u00edtica de Privacidad - Samt\u00f6k<\/title>\n<meta name=\"description\" content=\"Aqu\u00ed se encuentra la Pol\u00edtica de Privacidad de la p\u00e1gina de Samt\u00f6k.\" \/>\n<meta name=\"robots\" content=\"noindex, follow\" \/>\n<meta property=\"og:locale\" content=\"en_US\" \/>\n<meta property=\"og:type\" content=\"article\" \/>\n<meta property=\"og:title\" content=\"Pol\u00edtica de Privacidad - Samt\u00f6k\" \/>\n<meta property=\"og:description\" content=\"Aqu\u00ed se encuentra la Pol\u00edtica de Privacidad de la p\u00e1gina de Samt\u00f6k.\" \/>\n<meta property=\"og:url\" content=\"https:\/\/samtok.es\/en\/politica-de-privacidad\/\" \/>\n<meta property=\"og:site_name\" content=\"Samt\u00f6k\" \/>\n<meta property=\"article:modified_time\" content=\"2023-06-01T12:56:13+00:00\" \/>\n<meta property=\"og:image\" content=\"https:\/\/samtok.es\/wp-content\/uploads\/2022\/12\/logo-samtok-menu-e1671229490268.png\" \/>\n\t<meta property=\"og:image:width\" content=\"228\" \/>\n\t<meta property=\"og:image:height\" content=\"50\" \/>\n\t<meta property=\"og:image:type\" content=\"image\/png\" \/>\n<meta name=\"twitter:card\" content=\"summary_large_image\" \/>\n<meta name=\"twitter:label1\" content=\"Est. reading time\" \/>\n\t<meta name=\"twitter:data1\" content=\"7 minutes\" \/>\n<script type=\"application\/ld+json\" class=\"yoast-schema-graph\">{\"@context\":\"https:\/\/schema.org\",\"@graph\":[{\"@type\":\"WebPage\",\"@id\":\"https:\/\/samtok.es\/politica-de-privacidad\/\",\"url\":\"https:\/\/samtok.es\/politica-de-privacidad\/\",\"name\":\"Pol\u00edtica de Privacidad - Samt\u00f6k\",\"isPartOf\":{\"@id\":\"https:\/\/samtok.es\/#website\"},\"datePublished\":\"2022-08-19T15:15:04+00:00\",\"dateModified\":\"2023-06-01T12:56:13+00:00\",\"description\":\"Aqu\u00ed se encuentra la Pol\u00edtica de Privacidad de la p\u00e1gina de Samt\u00f6k.\",\"breadcrumb\":{\"@id\":\"https:\/\/samtok.es\/politica-de-privacidad\/#breadcrumb\"},\"inLanguage\":\"en-US\",\"potentialAction\":[{\"@type\":\"ReadAction\",\"target\":[\"https:\/\/samtok.es\/politica-de-privacidad\/\"]}]},{\"@type\":\"BreadcrumbList\",\"@id\":\"https:\/\/samtok.es\/politica-de-privacidad\/#breadcrumb\",\"itemListElement\":[{\"@type\":\"ListItem\",\"position\":1,\"name\":\"Portada\",\"item\":\"https:\/\/samtok.es\/\"},{\"@type\":\"ListItem\",\"position\":2,\"name\":\"Pol\u00edtica de Privacidad\"}]},{\"@type\":\"WebSite\",\"@id\":\"https:\/\/samtok.es\/#website\",\"url\":\"https:\/\/samtok.es\/\",\"name\":\"Samt\u00f6k\",\"description\":\"app para conocer gente para hacer deporte\",\"publisher\":{\"@id\":\"https:\/\/samtok.es\/#organization\"},\"alternateName\":\"app para hacer deporte\",\"potentialAction\":[{\"@type\":\"SearchAction\",\"target\":{\"@type\":\"EntryPoint\",\"urlTemplate\":\"https:\/\/samtok.es\/?s={search_term_string}\"},\"query-input\":\"required name=search_term_string\"}],\"inLanguage\":\"en-US\"},{\"@type\":\"Organization\",\"@id\":\"https:\/\/samtok.es\/#organization\",\"name\":\"Samt\u00f6k - App para hacer deporte con gente\",\"alternateName\":\"App para hacer deporte con gente\",\"url\":\"https:\/\/samtok.es\/\",\"logo\":{\"@type\":\"ImageObject\",\"inLanguage\":\"en-US\",\"@id\":\"https:\/\/samtok.es\/#\/schema\/logo\/image\/\",\"url\":\"https:\/\/samtok.es\/wp-content\/uploads\/2022\/12\/logo-samtok-menu-e1671229490268.png\",\"contentUrl\":\"https:\/\/samtok.es\/wp-content\/uploads\/2022\/12\/logo-samtok-menu-e1671229490268.png\",\"width\":228,\"height\":50,\"caption\":\"Samt\u00f6k - App para hacer deporte con gente\"},\"image\":{\"@id\":\"https:\/\/samtok.es\/#\/schema\/logo\/image\/\"}}]}<\/script>\n<!-- \/ Yoast SEO plugin. -->","yoast_head_json":{"title":"Pol\u00edtica de Privacidad - Samt\u00f6k","description":"Aqu\u00ed se encuentra la Pol\u00edtica de Privacidad de la p\u00e1gina de Samt\u00f6k.","robots":{"index":"noindex","follow":"follow"},"og_locale":"en_US","og_type":"article","og_title":"Pol\u00edtica de Privacidad - Samt\u00f6k","og_description":"Aqu\u00ed se encuentra la Pol\u00edtica de Privacidad de la p\u00e1gina de Samt\u00f6k.","og_url":"https:\/\/samtok.es\/en\/politica-de-privacidad\/","og_site_name":"Samt\u00f6k","article_modified_time":"2023-06-01T12:56:13+00:00","og_image":[{"width":228,"height":50,"url":"https:\/\/samtok.es\/wp-content\/uploads\/2022\/12\/logo-samtok-menu-e1671229490268.png","type":"image\/png"}],"twitter_card":"summary_large_image","twitter_misc":{"Est. reading time":"7 minutes"},"schema":{"@context":"https:\/\/schema.org","@graph":[{"@type":"WebPage","@id":"https:\/\/samtok.es\/politica-de-privacidad\/","url":"https:\/\/samtok.es\/politica-de-privacidad\/","name":"Pol\u00edtica de Privacidad - Samt\u00f6k","isPartOf":{"@id":"https:\/\/samtok.es\/#website"},"datePublished":"2022-08-19T15:15:04+00:00","dateModified":"2023-06-01T12:56:13+00:00","description":"Aqu\u00ed se encuentra la Pol\u00edtica de Privacidad de la p\u00e1gina de Samt\u00f6k.","breadcrumb":{"@id":"https:\/\/samtok.es\/politica-de-privacidad\/#breadcrumb"},"inLanguage":"en-US","potentialAction":[{"@type":"ReadAction","target":["https:\/\/samtok.es\/politica-de-privacidad\/"]}]},{"@type":"BreadcrumbList","@id":"https:\/\/samtok.es\/politica-de-privacidad\/#breadcrumb","itemListElement":[{"@type":"ListItem","position":1,"name":"Portada","item":"https:\/\/samtok.es\/"},{"@type":"ListItem","position":2,"name":"Pol\u00edtica de Privacidad"}]},{"@type":"WebSite","@id":"https:\/\/samtok.es\/#website","url":"https:\/\/samtok.es\/","name":"Samt\u00f6k","description":"app para conocer gente para hacer deporte","publisher":{"@id":"https:\/\/samtok.es\/#organization"},"alternateName":"app para hacer deporte","potentialAction":[{"@type":"SearchAction","target":{"@type":"EntryPoint","urlTemplate":"https:\/\/samtok.es\/?s={search_term_string}"},"query-input":"required name=search_term_string"}],"inLanguage":"en-US"},{"@type":"Organization","@id":"https:\/\/samtok.es\/#organization","name":"Samt\u00f6k - App para hacer deporte con gente","alternateName":"App para hacer deporte con gente","url":"https:\/\/samtok.es\/","logo":{"@type":"ImageObject","inLanguage":"en-US","@id":"https:\/\/samtok.es\/#\/schema\/logo\/image\/","url":"https:\/\/samtok.es\/wp-content\/uploads\/2022\/12\/logo-samtok-menu-e1671229490268.png","contentUrl":"https:\/\/samtok.es\/wp-content\/uploads\/2022\/12\/logo-samtok-menu-e1671229490268.png","width":228,"height":50,"caption":"Samt\u00f6k - App para hacer deporte con gente"},"image":{"@id":"https:\/\/samtok.es\/#\/schema\/logo\/image\/"}}]}},"_links":{"self":[{"href":"https:\/\/samtok.es\/en\/wp-json\/wp\/v2\/pages\/365","targetHints":{"allow":["GET"]}}],"collection":[{"href":"https:\/\/samtok.es\/en\/wp-json\/wp\/v2\/pages"}],"about":[{"href":"https:\/\/samtok.es\/en\/wp-json\/wp\/v2\/types\/page"}],"author":[{"embeddable":true,"href":"https:\/\/samtok.es\/en\/wp-json\/wp\/v2\/users\/1"}],"replies":[{"embeddable":true,"href":"https:\/\/samtok.es\/en\/wp-json\/wp\/v2\/comments?post=365"}],"version-history":[{"count":7,"href":"https:\/\/samtok.es\/en\/wp-json\/wp\/v2\/pages\/365\/revisions"}],"predecessor-version":[{"id":1374,"href":"https:\/\/samtok.es\/en\/wp-json\/wp\/v2\/pages\/365\/revisions\/1374"}],"wp:attachment":[{"href":"https:\/\/samtok.es\/en\/wp-json\/wp\/v2\/media?parent=365"}],"curies":[{"name":"wp","href":"https:\/\/api.w.org\/{rel}","templated":true}]}}