{"id":380,"date":"2022-08-19T15:21:51","date_gmt":"2022-08-19T15:21:51","guid":{"rendered":"https:\/\/samtok.es\/?page_id=380"},"modified":"2023-06-13T08:22:41","modified_gmt":"2023-06-13T08:22:41","slug":"clausula-de-contacto","status":"publish","type":"page","link":"https:\/\/samtok.es\/en\/clausula-de-contacto\/","title":{"rendered":"Cl\u00e1usula de contacto"},"content":{"rendered":"[et_pb_section fb_built=\u00bb1&#8243; _builder_version=\u00bb4.15.0&#8243; _module_preset=\u00bbdefault\u00bb global_colors_info=\u00bb{}\u00bb][et_pb_row _builder_version=\u00bb4.15.0&#8243; _module_preset=\u00bbdefault\u00bb global_colors_info=\u00bb{}\u00bb][et_pb_column type=\u00bb4_4&#8243; _builder_version=\u00bb4.15.0&#8243; _module_preset=\u00bbdefault\u00bb global_colors_info=\u00bb{}\u00bb][et_pb_text _builder_version=\u00bb4.15.0&#8243; _module_preset=\u00bbdefault\u00bb hover_enabled=\u00bb0&#8243; global_colors_info=\u00bb{}\u00bb text_font=\u00bbOpen Sans||||||||\u00bb sticky_enabled=\u00bb0&#8243; header_font=\u00bbOpen Sans||||||||\u00bb]<h1><strong>CL\u00c1USULA APARTADO DE CONTACTO WEB<\/strong><\/h1>\n<p>La comunicaci\u00f3n de sus datos ser\u00e1 objeto de tratamiento por parte del Responsable del Tratamiento\u00a0 <strong>Andrea Sol\u00e0 Forcadell<\/strong>. Esta comunicaci\u00f3n se utilizar\u00e1 exclusivamente para tratar sus datos para atender su solicitud, siempre de acuerdo al Reglamento (UE) 2016\/679 de 27 de abril de 2016 (RGPD), Ley Org\u00e1nica 3\/2018 de 5 de diciembre (LOPDGDD) y dem\u00e1s normativa legal vigente en materia de protecci\u00f3n de datos personales, sobre protecci\u00f3n de datos. Sus datos no se comunicar\u00e1n a terceros, excepto por obligaci\u00f3n legal, y se mantendr\u00e1n mientras no solicite su cancelaci\u00f3n.<\/p>\n<p>En cualquier momento usted puede ejercer los derechos de acceso, rectificaci\u00f3n, portabilidad y oposici\u00f3n, o si procede, a la limitaci\u00f3n y\/o cancelaci\u00f3n del tratamiento, comunic\u00e1ndolo por escrito, indicando sus datos personales a Calle Riu Segura, 99 &#8211; Esc C, 2-2 08800, Vilanova i la Geltr\u00fa o mediante un email a info@samtok.es.<\/p>[\/et_pb_text][\/et_pb_column][\/et_pb_row][\/et_pb_section]","protected":false},"excerpt":{"rendered":"<p>CL\u00c1USULA APARTADO DE CONTACTO WEB La comunicaci\u00f3n de sus datos ser\u00e1 objeto de tratamiento por parte del Responsable del Tratamiento\u00a0 Andrea Sol\u00e0 Forcadell. Esta comunicaci\u00f3n se utilizar\u00e1 exclusivamente para tratar sus datos para atender su solicitud, siempre de acuerdo al Reglamento (UE) 2016\/679 de 27 de abril de 2016 (RGPD), Ley Org\u00e1nica 3\/2018 de 5 [&hellip;]<\/p>","protected":false},"author":1,"featured_media":0,"parent":0,"menu_order":0,"comment_status":"closed","ping_status":"closed","template":"","meta":{"_et_pb_use_builder":"on","_et_pb_old_content":"","_et_gb_content_width":"","om_disable_all_campaigns":false,"footnotes":""},"class_list":["post-380","page","type-page","status-publish","hentry"],"yoast_head":"<!-- This site is optimized with the Yoast SEO plugin v22.6 - https:\/\/yoast.com\/wordpress\/plugins\/seo\/ -->\n<title>Cl\u00e1usula de contacto - Samt\u00f6k<\/title>\n<meta name=\"description\" content=\"Aqu\u00ed encontrar\u00e1 la cl\u00e1usula de contacto de Samt\u00f6k.\" \/>\n<meta name=\"robots\" content=\"noindex, nofollow\" \/>\n<meta property=\"og:locale\" content=\"en_US\" \/>\n<meta property=\"og:type\" content=\"article\" \/>\n<meta property=\"og:title\" content=\"Cl\u00e1usula de contacto - Samt\u00f6k\" \/>\n<meta property=\"og:description\" content=\"Aqu\u00ed encontrar\u00e1 la cl\u00e1usula de contacto de Samt\u00f6k.\" \/>\n<meta property=\"og:url\" content=\"https:\/\/samtok.es\/en\/clausula-de-contacto\/\" \/>\n<meta property=\"og:site_name\" content=\"Samt\u00f6k\" \/>\n<meta property=\"article:modified_time\" content=\"2023-06-13T08:22:41+00:00\" \/>\n<meta property=\"og:image\" content=\"https:\/\/samtok.es\/wp-content\/uploads\/2022\/12\/logo-samtok-menu-e1671229490268.png\" \/>\n\t<meta property=\"og:image:width\" content=\"228\" \/>\n\t<meta property=\"og:image:height\" content=\"50\" \/>\n\t<meta property=\"og:image:type\" content=\"image\/png\" \/>\n<meta name=\"twitter:card\" content=\"summary_large_image\" \/>\n<meta name=\"twitter:label1\" content=\"Est. reading time\" \/>\n\t<meta name=\"twitter:data1\" content=\"1 minute\" \/>\n<script type=\"application\/ld+json\" class=\"yoast-schema-graph\">{\"@context\":\"https:\/\/schema.org\",\"@graph\":[{\"@type\":\"WebPage\",\"@id\":\"https:\/\/samtok.es\/clausula-de-contacto\/\",\"url\":\"https:\/\/samtok.es\/clausula-de-contacto\/\",\"name\":\"Cl\u00e1usula de contacto - Samt\u00f6k\",\"isPartOf\":{\"@id\":\"https:\/\/samtok.es\/#website\"},\"datePublished\":\"2022-08-19T15:21:51+00:00\",\"dateModified\":\"2023-06-13T08:22:41+00:00\",\"description\":\"Aqu\u00ed encontrar\u00e1 la cl\u00e1usula de contacto de Samt\u00f6k.\",\"breadcrumb\":{\"@id\":\"https:\/\/samtok.es\/clausula-de-contacto\/#breadcrumb\"},\"inLanguage\":\"en-US\",\"potentialAction\":[{\"@type\":\"ReadAction\",\"target\":[\"https:\/\/samtok.es\/clausula-de-contacto\/\"]}]},{\"@type\":\"BreadcrumbList\",\"@id\":\"https:\/\/samtok.es\/clausula-de-contacto\/#breadcrumb\",\"itemListElement\":[{\"@type\":\"ListItem\",\"position\":1,\"name\":\"Portada\",\"item\":\"https:\/\/samtok.es\/\"},{\"@type\":\"ListItem\",\"position\":2,\"name\":\"Cl\u00e1usula de contacto\"}]},{\"@type\":\"WebSite\",\"@id\":\"https:\/\/samtok.es\/#website\",\"url\":\"https:\/\/samtok.es\/\",\"name\":\"Samt\u00f6k\",\"description\":\"app para conocer gente para hacer deporte\",\"publisher\":{\"@id\":\"https:\/\/samtok.es\/#organization\"},\"alternateName\":\"app para hacer deporte\",\"potentialAction\":[{\"@type\":\"SearchAction\",\"target\":{\"@type\":\"EntryPoint\",\"urlTemplate\":\"https:\/\/samtok.es\/?s={search_term_string}\"},\"query-input\":\"required name=search_term_string\"}],\"inLanguage\":\"en-US\"},{\"@type\":\"Organization\",\"@id\":\"https:\/\/samtok.es\/#organization\",\"name\":\"Samt\u00f6k - App para hacer deporte con gente\",\"alternateName\":\"App para hacer deporte con gente\",\"url\":\"https:\/\/samtok.es\/\",\"logo\":{\"@type\":\"ImageObject\",\"inLanguage\":\"en-US\",\"@id\":\"https:\/\/samtok.es\/#\/schema\/logo\/image\/\",\"url\":\"https:\/\/samtok.es\/wp-content\/uploads\/2022\/12\/logo-samtok-menu-e1671229490268.png\",\"contentUrl\":\"https:\/\/samtok.es\/wp-content\/uploads\/2022\/12\/logo-samtok-menu-e1671229490268.png\",\"width\":228,\"height\":50,\"caption\":\"Samt\u00f6k - App para hacer deporte con gente\"},\"image\":{\"@id\":\"https:\/\/samtok.es\/#\/schema\/logo\/image\/\"}}]}<\/script>\n<!-- \/ Yoast SEO plugin. -->","yoast_head_json":{"title":"Cl\u00e1usula de contacto - Samt\u00f6k","description":"Aqu\u00ed encontrar\u00e1 la cl\u00e1usula de contacto de Samt\u00f6k.","robots":{"index":"noindex","follow":"nofollow"},"og_locale":"en_US","og_type":"article","og_title":"Cl\u00e1usula de contacto - Samt\u00f6k","og_description":"Aqu\u00ed encontrar\u00e1 la cl\u00e1usula de contacto de Samt\u00f6k.","og_url":"https:\/\/samtok.es\/en\/clausula-de-contacto\/","og_site_name":"Samt\u00f6k","article_modified_time":"2023-06-13T08:22:41+00:00","og_image":[{"width":228,"height":50,"url":"https:\/\/samtok.es\/wp-content\/uploads\/2022\/12\/logo-samtok-menu-e1671229490268.png","type":"image\/png"}],"twitter_card":"summary_large_image","twitter_misc":{"Est. reading time":"1 minute"},"schema":{"@context":"https:\/\/schema.org","@graph":[{"@type":"WebPage","@id":"https:\/\/samtok.es\/clausula-de-contacto\/","url":"https:\/\/samtok.es\/clausula-de-contacto\/","name":"Cl\u00e1usula de contacto - Samt\u00f6k","isPartOf":{"@id":"https:\/\/samtok.es\/#website"},"datePublished":"2022-08-19T15:21:51+00:00","dateModified":"2023-06-13T08:22:41+00:00","description":"Aqu\u00ed encontrar\u00e1 la cl\u00e1usula de contacto de Samt\u00f6k.","breadcrumb":{"@id":"https:\/\/samtok.es\/clausula-de-contacto\/#breadcrumb"},"inLanguage":"en-US","potentialAction":[{"@type":"ReadAction","target":["https:\/\/samtok.es\/clausula-de-contacto\/"]}]},{"@type":"BreadcrumbList","@id":"https:\/\/samtok.es\/clausula-de-contacto\/#breadcrumb","itemListElement":[{"@type":"ListItem","position":1,"name":"Portada","item":"https:\/\/samtok.es\/"},{"@type":"ListItem","position":2,"name":"Cl\u00e1usula de contacto"}]},{"@type":"WebSite","@id":"https:\/\/samtok.es\/#website","url":"https:\/\/samtok.es\/","name":"Samt\u00f6k","description":"app para conocer gente para hacer deporte","publisher":{"@id":"https:\/\/samtok.es\/#organization"},"alternateName":"app para hacer deporte","potentialAction":[{"@type":"SearchAction","target":{"@type":"EntryPoint","urlTemplate":"https:\/\/samtok.es\/?s={search_term_string}"},"query-input":"required name=search_term_string"}],"inLanguage":"en-US"},{"@type":"Organization","@id":"https:\/\/samtok.es\/#organization","name":"Samt\u00f6k - App para hacer deporte con gente","alternateName":"App para hacer deporte con gente","url":"https:\/\/samtok.es\/","logo":{"@type":"ImageObject","inLanguage":"en-US","@id":"https:\/\/samtok.es\/#\/schema\/logo\/image\/","url":"https:\/\/samtok.es\/wp-content\/uploads\/2022\/12\/logo-samtok-menu-e1671229490268.png","contentUrl":"https:\/\/samtok.es\/wp-content\/uploads\/2022\/12\/logo-samtok-menu-e1671229490268.png","width":228,"height":50,"caption":"Samt\u00f6k - App para hacer deporte con gente"},"image":{"@id":"https:\/\/samtok.es\/#\/schema\/logo\/image\/"}}]}},"_links":{"self":[{"href":"https:\/\/samtok.es\/en\/wp-json\/wp\/v2\/pages\/380","targetHints":{"allow":["GET"]}}],"collection":[{"href":"https:\/\/samtok.es\/en\/wp-json\/wp\/v2\/pages"}],"about":[{"href":"https:\/\/samtok.es\/en\/wp-json\/wp\/v2\/types\/page"}],"author":[{"embeddable":true,"href":"https:\/\/samtok.es\/en\/wp-json\/wp\/v2\/users\/1"}],"replies":[{"embeddable":true,"href":"https:\/\/samtok.es\/en\/wp-json\/wp\/v2\/comments?post=380"}],"version-history":[{"count":1,"href":"https:\/\/samtok.es\/en\/wp-json\/wp\/v2\/pages\/380\/revisions"}],"predecessor-version":[{"id":1431,"href":"https:\/\/samtok.es\/en\/wp-json\/wp\/v2\/pages\/380\/revisions\/1431"}],"wp:attachment":[{"href":"https:\/\/samtok.es\/en\/wp-json\/wp\/v2\/media?parent=380"}],"curies":[{"name":"wp","href":"https:\/\/api.w.org\/{rel}","templated":true}]}}